{"id":401,"date":"2020-01-23T11:33:13","date_gmt":"2020-01-23T10:33:13","guid":{"rendered":"https:\/\/galfer.com\/bike\/?page_id=401"},"modified":"2023-07-04T10:38:48","modified_gmt":"2023-07-04T08:38:48","slug":"comparativa-pastillas-de-freno","status":"publish","type":"page","link":"https:\/\/galfer.com\/bike\/es\/comparativa-pastillas-de-freno\/","title":{"rendered":"Comparativa pastillas de freno"},"content":{"rendered":"\n<p>Caracter\u00edsticas y ventajas de los nuevos compuestos de GALFER BIKE:<\/p>\n\n\n\n<ul class=\"wp-block-list\"><li>Compuesto org\u00e1nico semi-met\u00e1lico (sin amianto)<\/li><li>Ausencia de ruidos.<\/li><li>Mejora del tacto, progresividad y potencia de frenada.<\/li><li>Minimizaci\u00f3n de las vibraciones en la parte ciclo.<\/li><li>Menor desgaste de los discos de freno.<\/li><li>Resistencia a las altas temperaturas.<\/li><li>Aumento de la durabilidad.<\/li><\/ul>\n\n\n\n<p>Con \u00e9stas mejoras el usuario obtiene una constancia permanente en la respuesta de la frenada, comport\u00e1ndose las pastillas del mismo modo durante toda su vida \u00fatil, pudiendo controlar la bicicleta durante las frenadas y transform\u00e1ndose en un aumento de la confianza y de la seguridad del ciclista.<\/p>\n\n\n\n<p>Cabe destacar que los materiales que se han utilizado para la fabricaci\u00f3n de \u00e9stos compuestos son espec\u00edficos para el sector de la bicicleta y sus variables (pesos, terreno, humedad, temperaturas, ruidos, etc).<\/p>\n\n\n\n<p>Del mismo modo, GALFER tiene una amplia variedad de compuestos distintos para motocicletas (carretera, tierra, urbano, sport, competici\u00f3n ,etc.)<\/p>\n\n\n\n<p><\/p>\n\n\n\n<p><strong>INSTRUCCIONES DE RODAJE:<\/strong><\/p>\n\n\n\n<p><strong>Efectuar el correcto rodaje a las pastillas realizando frenadas cortas y suaves, dejando refrigerar el sistema de freno, durante unos 2 minutos en bajada o realizando 20-25 frenadas por rueda<\/strong>, hasta que toda la superficie de fricci\u00f3n quede bien marcada sobre el disco. Despu\u00e9s, empezar a presionar cada vez m\u00e1s hasta obtener la m\u00e1xima potencia. Este proceso es v\u00e1lido para todos los compuestos excepto para el Pro G1554T, que no necesita rodaje.<\/p>\n","protected":false},"excerpt":{"rendered":"<p>Caracter\u00edsticas y ventajas de los nuevos compuestos de GALFER BIKE: Compuesto org\u00e1nico semi-met\u00e1lico (sin amianto) Ausencia de ruidos. Mejora del tacto, progresividad y potencia de frenada. Minimizaci\u00f3n de las vibraciones en la parte ciclo. Menor desgaste de los discos de freno. Resistencia a las altas temperaturas. Aumento de la durabilidad. Con \u00e9stas mejoras el usuario [&hellip;]<\/p>\n","protected":false},"author":1,"featured_media":0,"parent":0,"menu_order":0,"comment_status":"closed","ping_status":"closed","template":"controllers\/custom-page-templates\/bike-pad-types.php","meta":{"_seopress_robots_primary_cat":"0","_seopress_titles_title":"","_seopress_titles_desc":"","_seopress_robots_index":"","footnotes":""},"class_list":["post-401","page","type-page","status-publish","hentry"],"lang":"es","translations":{"es":401,"en":398,"it":652},"pll_sync_post":[],"_links":{"self":[{"href":"https:\/\/galfer.com\/bike\/wp-json\/wp\/v2\/pages\/401","targetHints":{"allow":["GET"]}}],"collection":[{"href":"https:\/\/galfer.com\/bike\/wp-json\/wp\/v2\/pages"}],"about":[{"href":"https:\/\/galfer.com\/bike\/wp-json\/wp\/v2\/types\/page"}],"author":[{"embeddable":true,"href":"https:\/\/galfer.com\/bike\/wp-json\/wp\/v2\/users\/1"}],"replies":[{"embeddable":true,"href":"https:\/\/galfer.com\/bike\/wp-json\/wp\/v2\/comments?post=401"}],"version-history":[{"count":3,"href":"https:\/\/galfer.com\/bike\/wp-json\/wp\/v2\/pages\/401\/revisions"}],"predecessor-version":[{"id":3349,"href":"https:\/\/galfer.com\/bike\/wp-json\/wp\/v2\/pages\/401\/revisions\/3349"}],"wp:attachment":[{"href":"https:\/\/galfer.com\/bike\/wp-json\/wp\/v2\/media?parent=401"}],"curies":[{"name":"wp","href":"https:\/\/api.w.org\/{rel}","templated":true}]}}