{"id":1834,"date":"2023-11-01T08:00:00","date_gmt":"2023-11-01T07:00:00","guid":{"rendered":"https:\/\/galfer.com\/moto\/?page_id=1834"},"modified":"2025-12-09T23:07:09","modified_gmt":"2025-12-09T22:07:09","slug":"inicio-2","status":"publish","type":"page","link":"https:\/\/galfer.com\/moto\/es\/","title":{"rendered":"Inicio"},"content":{"rendered":"","protected":false},"excerpt":{"rendered":"","protected":false},"author":1,"featured_media":0,"parent":0,"menu_order":0,"comment_status":"closed","ping_status":"open","template":"","meta":{"_seopress_robots_primary_cat":"","_seopress_titles_title":"Frenos Galfer de alto rendimiento para carretera y off-road","_seopress_titles_desc":"L\u00edder mundial en discos y pastillas de freno para carretera, off-road y competici\u00f3n. Tecnolog\u00eda avanzada, cat\u00e1logo oficial, novedades y equipos Racing.","_seopress_robots_index":"","footnotes":""},"class_list":["post-1834","page","type-page","status-publish","hentry"],"lang":"es","translations":{"es":1834,"en":2,"it":1836},"pll_sync_post":[],"_links":{"self":[{"href":"https:\/\/galfer.com\/moto\/wp-json\/wp\/v2\/pages\/1834","targetHints":{"allow":["GET"]}}],"collection":[{"href":"https:\/\/galfer.com\/moto\/wp-json\/wp\/v2\/pages"}],"about":[{"href":"https:\/\/galfer.com\/moto\/wp-json\/wp\/v2\/types\/page"}],"author":[{"embeddable":true,"href":"https:\/\/galfer.com\/moto\/wp-json\/wp\/v2\/users\/1"}],"replies":[{"embeddable":true,"href":"https:\/\/galfer.com\/moto\/wp-json\/wp\/v2\/comments?post=1834"}],"version-history":[{"count":3,"href":"https:\/\/galfer.com\/moto\/wp-json\/wp\/v2\/pages\/1834\/revisions"}],"predecessor-version":[{"id":10729,"href":"https:\/\/galfer.com\/moto\/wp-json\/wp\/v2\/pages\/1834\/revisions\/10729"}],"wp:attachment":[{"href":"https:\/\/galfer.com\/moto\/wp-json\/wp\/v2\/media?parent=1834"}],"curies":[{"name":"wp","href":"https:\/\/api.w.org\/{rel}","templated":true}]}}