{"id":1975,"date":"2020-03-02T09:51:08","date_gmt":"2020-03-02T08:51:08","guid":{"rendered":"https:\/\/galfer.com\/moto\/?page_id=1975"},"modified":"2025-07-21T07:10:46","modified_gmt":"2025-07-21T05:10:46","slug":"confronto-disco-freno","status":"publish","type":"page","link":"https:\/\/galfer.com\/moto\/it\/confronto-disco-freno\/","title":{"rendered":"Confronto disco freno"},"content":{"rendered":"\n<div class=\"table-brake-discs-types_wrapper\">\n    <table class=\"table-brake-discs-types\" style=\"width: 100%;\">\n        <thead>\n            <tr>\n                <th class=\"cell_form\">Forma<\/th>\n                <th class=\"cell_type\">Tipo<\/th>\n                <th class=\"cell_size\">Misura. ext<\/th>\n                <th class=\"cell_center\">Centro<\/th>\n                <th class=\"cell_track\">Pista<\/th>\n                <th class=\"cell_code\">Cod. <\/th>\n                <th class=\"cell_image\">Immagine<\/th>\n                <th class=\"cell_performace\">Prestazione<\/th>\n            <\/tr>\n        <\/thead>\n        <tbody>\n            <tr>\n                <td class=\"cell_form\">Disco tondo<\/td>\n                <td class=\"cell_type\">Fisso (V)<\/td>\n                <td class=\"cell_size\" rowspan=\"4\" colspan=\"1\">Original<\/td>\n                <td class=\"cell_track\" rowspan=\"6\" colspan=\"1\">NA <\/td>\n                <td class=\"cell_center\" rowspan=\"2\" colspan=\"1\">Fori<\/td>\n                <td class=\"cell_cod\"><span>V<\/span><\/td>\n                <td class=\"cell_image\"><img alt=\"\" loading=\"lazy\" decoding=\"async\" width=\"80\" height=\"80\" class=\"wp-image-1954\" style=\"width: 80px;\" src=\"https:\/\/galfer.com\/moto\/wp-content\/uploads\/sites\/2\/disc_types_o.jpg\" alt=\"\" srcset=\"https:\/\/galfer.com\/moto\/wp-content\/uploads\/sites\/2\/disc_types_o.jpg 3000w, https:\/\/galfer.com\/moto\/wp-content\/uploads\/sites\/2\/disc_types_o-300x300.jpg 300w, https:\/\/galfer.com\/moto\/wp-content\/uploads\/sites\/2\/disc_types_o-1024x1024.jpg 1024w, https:\/\/galfer.com\/moto\/wp-content\/uploads\/sites\/2\/disc_types_o-150x150.jpg 150w, https:\/\/galfer.com\/moto\/wp-content\/uploads\/sites\/2\/disc_types_o-768x768.jpg 768w, https:\/\/galfer.com\/moto\/wp-content\/uploads\/sites\/2\/disc_types_o-1536x1536.jpg 1536w, https:\/\/galfer.com\/moto\/wp-content\/uploads\/sites\/2\/disc_types_o-2048x2048.jpg 2048w, https:\/\/galfer.com\/moto\/wp-content\/uploads\/sites\/2\/disc_types_o-100x100.jpg 100w, https:\/\/galfer.com\/moto\/wp-content\/uploads\/sites\/2\/disc_types_o-400x400.jpg 400w\" sizes=\"auto, (max-width: 80px) 100vw, 80px\" \/><\/td>\n                <td class=\"cell_performace\">\n                    Potenza: 5<br>\n                    Progressivit\u00e0: 5<br>\n                    Secco: 5<br>\n                    Umido: 5<br>\n                    Refrigerazione: 5<br>\n                    Peso: 5\n                <\/td>\n            <\/tr>\n            <tr>\n                <td class=\"cell_form\" rowspan=\"10\" colspan=\"1\">Disc W<\/td>\n                <td class=\"cell_type\" rowspan=\"5\" colspan=\"1\">Fisso (W)<\/td>\n                <td class=\"cell_cod\"><span>W<\/span><\/td>\n                <td class=\"cell_image\"><img alt=\"\" loading=\"lazy\" decoding=\"async\" width=\"80\" height=\"80\" class=\"wp-image-1957\" style=\"width: 80px;\" src=\"https:\/\/galfer.com\/moto\/wp-content\/uploads\/sites\/2\/disc_types_w.jpg\" alt=\"\" srcset=\"https:\/\/galfer.com\/moto\/wp-content\/uploads\/sites\/2\/disc_types_w.jpg 3000w, https:\/\/galfer.com\/moto\/wp-content\/uploads\/sites\/2\/disc_types_w-300x300.jpg 300w, https:\/\/galfer.com\/moto\/wp-content\/uploads\/sites\/2\/disc_types_w-1024x1024.jpg 1024w, https:\/\/galfer.com\/moto\/wp-content\/uploads\/sites\/2\/disc_types_w-150x150.jpg 150w, https:\/\/galfer.com\/moto\/wp-content\/uploads\/sites\/2\/disc_types_w-768x768.jpg 768w, https:\/\/galfer.com\/moto\/wp-content\/uploads\/sites\/2\/disc_types_w-1536x1536.jpg 1536w, https:\/\/galfer.com\/moto\/wp-content\/uploads\/sites\/2\/disc_types_w-2048x2048.jpg 2048w, https:\/\/galfer.com\/moto\/wp-content\/uploads\/sites\/2\/disc_types_w-100x100.jpg 100w, https:\/\/galfer.com\/moto\/wp-content\/uploads\/sites\/2\/disc_types_w-400x400.jpg 400w\" sizes=\"auto, (max-width: 80px) 100vw, 80px\" \/><\/td>\n                <td class=\"cell_performace\">\n                    Potenza: 7<br>\n                    Progressivit\u00e0: 10<br>\n                    Secco: 9<br>\n                    Umido: 8<br>\n                    Refrigerazione: 9<br>\n                    Peso: 9\n                <\/td>\n            <\/tr>\n            <tr>\n                <td class=\"cell_track\">Pieno<\/td>\n                <td class=\"cell_cod\"><span>WLL<\/span><\/td>\n                <td class=\"cell_image\"><img alt=\"\" loading=\"lazy\" decoding=\"async\" width=\"80\" height=\"80\" class=\"wp-image-1958\" style=\"width: 80px;\" src=\"https:\/\/galfer.com\/moto\/wp-content\/uploads\/sites\/2\/disc_types_wll.jpg\" alt=\"\" srcset=\"https:\/\/galfer.com\/moto\/wp-content\/uploads\/sites\/2\/disc_types_wll.jpg 3000w, https:\/\/galfer.com\/moto\/wp-content\/uploads\/sites\/2\/disc_types_wll-300x300.jpg 300w, https:\/\/galfer.com\/moto\/wp-content\/uploads\/sites\/2\/disc_types_wll-1024x1022.jpg 1024w, https:\/\/galfer.com\/moto\/wp-content\/uploads\/sites\/2\/disc_types_wll-150x150.jpg 150w, https:\/\/galfer.com\/moto\/wp-content\/uploads\/sites\/2\/disc_types_wll-768x766.jpg 768w, https:\/\/galfer.com\/moto\/wp-content\/uploads\/sites\/2\/disc_types_wll-1536x1532.jpg 1536w, https:\/\/galfer.com\/moto\/wp-content\/uploads\/sites\/2\/disc_types_wll-2048x2043.jpg 2048w, https:\/\/galfer.com\/moto\/wp-content\/uploads\/sites\/2\/disc_types_wll-100x100.jpg 100w, https:\/\/galfer.com\/moto\/wp-content\/uploads\/sites\/2\/disc_types_wll-400x400.jpg 400w\" sizes=\"auto, (max-width: 80px) 100vw, 80px\" \/><\/td>\n                <td class=\"cell_performace\">\n                    Potenza: 7<br>\n                    Progressivit\u00e0: 10<br>\n                    Secco: 9<br>\n                    Umido: 9<br>\n                    Refrigerazione: 9<br>\n                    Peso: 9\n                <\/td>\n            <\/tr>\n            <tr>\n                <td class=\"cell_track\">Baffato<\/td>\n                <td class=\"cell_cod\"><span>RW<\/span><\/td>\n                <td class=\"cell_image\"><img alt=\"\" loading=\"lazy\" decoding=\"async\" width=\"80\" height=\"80\" class=\"wp-image-1955\" style=\"width: 80px;\" src=\"https:\/\/galfer.com\/moto\/wp-content\/uploads\/sites\/2\/disc_types_rw.jpg\" alt=\"\" srcset=\"https:\/\/galfer.com\/moto\/wp-content\/uploads\/sites\/2\/disc_types_rw.jpg 3000w, https:\/\/galfer.com\/moto\/wp-content\/uploads\/sites\/2\/disc_types_rw-300x300.jpg 300w, https:\/\/galfer.com\/moto\/wp-content\/uploads\/sites\/2\/disc_types_rw-1024x1022.jpg 1024w, https:\/\/galfer.com\/moto\/wp-content\/uploads\/sites\/2\/disc_types_rw-150x150.jpg 150w, https:\/\/galfer.com\/moto\/wp-content\/uploads\/sites\/2\/disc_types_rw-768x767.jpg 768w, https:\/\/galfer.com\/moto\/wp-content\/uploads\/sites\/2\/disc_types_rw-1536x1533.jpg 1536w, https:\/\/galfer.com\/moto\/wp-content\/uploads\/sites\/2\/disc_types_rw-2048x2045.jpg 2048w, https:\/\/galfer.com\/moto\/wp-content\/uploads\/sites\/2\/disc_types_rw-100x100.jpg 100w, https:\/\/galfer.com\/moto\/wp-content\/uploads\/sites\/2\/disc_types_rw-400x400.jpg 400w\" sizes=\"auto, (max-width: 80px) 100vw, 80px\" \/><\/td>\n                <td class=\"cell_performace\">\n                    Potenza: 10<br>\n                    Progressivit\u00e0: 9<br>\n                    Secco: 10<br>\n                    Umido: 10<br>\n                    Refrigerazione: 9<br>\n                    Peso: 8\n                <\/td>\n            <\/tr>\n            <tr>\n                <td class=\"cell_size\" rowspan=\"2\" colspan=\"1\">Maggiorato (S)<br>\n                <\/td>\n                <td class=\"cell_track\">Fori<\/td>\n                <td class=\"cell_cod\"><span>WS<\/span><\/td>\n                <td class=\"cell_image\">\n                    <img alt=\"\" loading=\"lazy\" decoding=\"async\" width=\"80\" height=\"80\" class=\"wp-image-1959\" style=\"width: 80px;\" src=\"https:\/\/galfer.com\/moto\/wp-content\/uploads\/sites\/2\/disc_types_ws.jpg\" alt=\"\" srcset=\"https:\/\/galfer.com\/moto\/wp-content\/uploads\/sites\/2\/disc_types_ws.jpg 3000w, https:\/\/galfer.com\/moto\/wp-content\/uploads\/sites\/2\/disc_types_ws-300x300.jpg 300w, https:\/\/galfer.com\/moto\/wp-content\/uploads\/sites\/2\/disc_types_ws-1024x1024.jpg 1024w, https:\/\/galfer.com\/moto\/wp-content\/uploads\/sites\/2\/disc_types_ws-150x150.jpg 150w, https:\/\/galfer.com\/moto\/wp-content\/uploads\/sites\/2\/disc_types_ws-768x768.jpg 768w, https:\/\/galfer.com\/moto\/wp-content\/uploads\/sites\/2\/disc_types_ws-1536x1536.jpg 1536w, https:\/\/galfer.com\/moto\/wp-content\/uploads\/sites\/2\/disc_types_ws-2048x2048.jpg 2048w, https:\/\/galfer.com\/moto\/wp-content\/uploads\/sites\/2\/disc_types_ws-100x100.jpg 100w, https:\/\/galfer.com\/moto\/wp-content\/uploads\/sites\/2\/disc_types_ws-400x400.jpg 400w\" sizes=\"auto, (max-width: 80px) 100vw, 80px\" \/>\n                <\/td>\n                <td class=\"cell_performace\">\n                    Potenza: 8<br>\n                    Progressivit\u00e0: 10<br>\n                    Secco: 9<br>\n                    Umido: 9<br>\n                    Refrigerazione: 9<br>\n                    Peso: 9\n                <\/td>\n            <\/tr>\n            <tr>\n                <td class=\"cell_track\">Baffato<\/td>\n                <td class=\"cell_cod\" style=\"height: 115.2px;\"><span>RWS<\/span><\/td>\n                <td class=\"cell_image\"><img alt=\"\" loading=\"lazy\" decoding=\"async\" width=\"80\" height=\"80\" class=\"wp-image-1956\" style=\"width: 80px;\" src=\"https:\/\/galfer.com\/moto\/wp-content\/uploads\/sites\/2\/disc_types_rws.jpg\" alt=\"\" srcset=\"https:\/\/galfer.com\/moto\/wp-content\/uploads\/sites\/2\/disc_types_rws.jpg 3000w, https:\/\/galfer.com\/moto\/wp-content\/uploads\/sites\/2\/disc_types_rws-300x300.jpg 300w, https:\/\/galfer.com\/moto\/wp-content\/uploads\/sites\/2\/disc_types_rws-1024x1024.jpg 1024w, https:\/\/galfer.com\/moto\/wp-content\/uploads\/sites\/2\/disc_types_rws-150x150.jpg 150w, https:\/\/galfer.com\/moto\/wp-content\/uploads\/sites\/2\/disc_types_rws-768x768.jpg 768w, https:\/\/galfer.com\/moto\/wp-content\/uploads\/sites\/2\/disc_types_rws-1536x1536.jpg 1536w, https:\/\/galfer.com\/moto\/wp-content\/uploads\/sites\/2\/disc_types_rws-2048x2048.jpg 2048w, https:\/\/galfer.com\/moto\/wp-content\/uploads\/sites\/2\/disc_types_rws-100x100.jpg 100w, https:\/\/galfer.com\/moto\/wp-content\/uploads\/sites\/2\/disc_types_rws-400x400.jpg 400w\" sizes=\"auto, (max-width: 80px) 100vw, 80px\" \/><\/td>\n                <td class=\"cell_performace\">\n                    Potenza: 10<br>\n                    Progressivit\u00e0: 9<br>\n                    Secco: 10<br>\n                    Umido: 10<br>\n                    Refrigerazione: 9<br>\n                    Peso: 10\n                <\/td>\n            <\/tr>\n            <tr>\n                <td class=\"cell_type\" rowspan=\"5\" colspan=\"1\">Flotante (F)<\/td>\n                <td class=\"cell_size\">Original<\/td>\n                <td class=\"cell_center\" rowspan=\"3\" colspan=\"1\">Accaio (FL) <\/td>\n                <td class=\"cell_track\" rowspan=\"2\" colspan=\"1\">Fori<\/td>\n                <td class=\"cell_cod\"><span>FLW<\/span><\/td>\n                <td class=\"cell_image\"><img alt=\"\" loading=\"lazy\" decoding=\"async\" width=\"80\" height=\"80\" class=\"wp-image-1952\" style=\"width: 80px;\" src=\"https:\/\/galfer.com\/moto\/wp-content\/uploads\/sites\/2\/disc_types_flw.jpg\" alt=\"\" srcset=\"https:\/\/galfer.com\/moto\/wp-content\/uploads\/sites\/2\/disc_types_flw.jpg 3000w, https:\/\/galfer.com\/moto\/wp-content\/uploads\/sites\/2\/disc_types_flw-300x300.jpg 300w, https:\/\/galfer.com\/moto\/wp-content\/uploads\/sites\/2\/disc_types_flw-1024x1024.jpg 1024w, https:\/\/galfer.com\/moto\/wp-content\/uploads\/sites\/2\/disc_types_flw-150x150.jpg 150w, https:\/\/galfer.com\/moto\/wp-content\/uploads\/sites\/2\/disc_types_flw-768x768.jpg 768w, https:\/\/galfer.com\/moto\/wp-content\/uploads\/sites\/2\/disc_types_flw-1536x1536.jpg 1536w, https:\/\/galfer.com\/moto\/wp-content\/uploads\/sites\/2\/disc_types_flw-2048x2048.jpg 2048w, https:\/\/galfer.com\/moto\/wp-content\/uploads\/sites\/2\/disc_types_flw-100x100.jpg 100w, https:\/\/galfer.com\/moto\/wp-content\/uploads\/sites\/2\/disc_types_flw-400x400.jpg 400w\" sizes=\"auto, (max-width: 80px) 100vw, 80px\" \/><\/td>\n                <td class=\"cell_performace\">\n                    Potenza: 8<br>\n                    Progressivit\u00e0: 9<br>\n                    Secco: 9<br>\n                    Umido: 9<br>\n                    Refrigerazione: 10<br>\n                    Peso: 10\n                <\/td>\n            <\/tr>\n            <tr>\n                <td class=\"cell_size\" rowspan=\"2\" colspan=\"1\">Maggiorato (S)<\/td>\n                <td class=\"cell_cod\">FLS<\/td>\n                <td class=\"cell_image\"><img alt=\"\" loading=\"lazy\" decoding=\"async\" width=\"80\" height=\"80\" class=\"wp-image-1951\" style=\"width: 80px;\" src=\"https:\/\/galfer.com\/moto\/wp-content\/uploads\/sites\/2\/disc_types_fls.jpg\" alt=\"\" srcset=\"https:\/\/galfer.com\/moto\/wp-content\/uploads\/sites\/2\/disc_types_fls.jpg 2998w, https:\/\/galfer.com\/moto\/wp-content\/uploads\/sites\/2\/disc_types_fls-300x300.jpg 300w, https:\/\/galfer.com\/moto\/wp-content\/uploads\/sites\/2\/disc_types_fls-1024x1024.jpg 1024w, https:\/\/galfer.com\/moto\/wp-content\/uploads\/sites\/2\/disc_types_fls-150x150.jpg 150w, https:\/\/galfer.com\/moto\/wp-content\/uploads\/sites\/2\/disc_types_fls-768x769.jpg 768w, https:\/\/galfer.com\/moto\/wp-content\/uploads\/sites\/2\/disc_types_fls-1536x1536.jpg 1536w, https:\/\/galfer.com\/moto\/wp-content\/uploads\/sites\/2\/disc_types_fls-2048x2048.jpg 2048w, https:\/\/galfer.com\/moto\/wp-content\/uploads\/sites\/2\/disc_types_fls-100x100.jpg 100w, https:\/\/galfer.com\/moto\/wp-content\/uploads\/sites\/2\/disc_types_fls-400x400.jpg 400w\" sizes=\"auto, (max-width: 80px) 100vw, 80px\" \/><\/td>\n                <td class=\"cell_performace\">\n                    Potenza: 9<br>\n                    Progressivit\u00e0: 9<br>\n                    Secco: 9<br>\n                    Umido: 9<br>\n                    Refrigerazione: 10<br>\n                    Peso: 10\n                <\/td>\n            <\/tr>\n            <tr>\n                <td class=\"cell_track\">Baffato<\/td>\n                <td class=\"cell_cod\">FRS<\/td>\n                <td class=\"cell_image\"><img alt=\"\" loading=\"lazy\" decoding=\"async\" width=\"80\" height=\"79\" class=\"wp-image-1953\" style=\"width: 80px;\" src=\"https:\/\/galfer.com\/moto\/wp-content\/uploads\/sites\/2\/disc_types_frs.jpg\" alt=\"\" srcset=\"https:\/\/galfer.com\/moto\/wp-content\/uploads\/sites\/2\/disc_types_frs.jpg 3000w, https:\/\/galfer.com\/moto\/wp-content\/uploads\/sites\/2\/disc_types_frs-300x296.jpg 300w, https:\/\/galfer.com\/moto\/wp-content\/uploads\/sites\/2\/disc_types_frs-1024x1011.jpg 1024w, https:\/\/galfer.com\/moto\/wp-content\/uploads\/sites\/2\/disc_types_frs-150x150.jpg 150w, https:\/\/galfer.com\/moto\/wp-content\/uploads\/sites\/2\/disc_types_frs-768x759.jpg 768w, https:\/\/galfer.com\/moto\/wp-content\/uploads\/sites\/2\/disc_types_frs-1536x1517.jpg 1536w, https:\/\/galfer.com\/moto\/wp-content\/uploads\/sites\/2\/disc_types_frs-2048x2023.jpg 2048w, https:\/\/galfer.com\/moto\/wp-content\/uploads\/sites\/2\/disc_types_frs-100x100.jpg 100w, https:\/\/galfer.com\/moto\/wp-content\/uploads\/sites\/2\/disc_types_frs-400x400.jpg 400w\" sizes=\"auto, (max-width: 80px) 100vw, 80px\" \/><\/td>\n                <td class=\"cell_performace\">\n                    Potenza: 10<br>\n                    Progressivit\u00e0: 9<br>\n                    Secco: 10<br>\n                    Umido: 10<br>\n                    Refrigerazione: 10<br>\n                    Peso: 10\n                <\/td>\n            <\/tr>\n            <tr>\n                <td class=\"cell_size\" rowspan=\"2\">Original<\/td>\n                <td class=\"cell_center\" rowspan=\"2\">Aluminio (CW)<\/td>\n                <td class=\"cell_track\">Fori<\/td>\n                <td class=\"cell_cod\"><span>CW<\/span><\/td>\n                <td class=\"cell_image\"><img alt=\"\" loading=\"lazy\" decoding=\"async\" width=\"80\" height=\"79\" class=\"wp-image-1950\" style=\"width: 80px;\" src=\"https:\/\/galfer.com\/moto\/wp-content\/uploads\/sites\/2\/disc_types_cw.jpg\" alt=\"\" srcset=\"https:\/\/galfer.com\/moto\/wp-content\/uploads\/sites\/2\/disc_types_cw.jpg 1500w, https:\/\/galfer.com\/moto\/wp-content\/uploads\/sites\/2\/disc_types_cw-300x298.jpg 300w, https:\/\/galfer.com\/moto\/wp-content\/uploads\/sites\/2\/disc_types_cw-1024x1016.jpg 1024w, https:\/\/galfer.com\/moto\/wp-content\/uploads\/sites\/2\/disc_types_cw-150x150.jpg 150w, https:\/\/galfer.com\/moto\/wp-content\/uploads\/sites\/2\/disc_types_cw-768x762.jpg 768w, https:\/\/galfer.com\/moto\/wp-content\/uploads\/sites\/2\/disc_types_cw-100x100.jpg 100w, https:\/\/galfer.com\/moto\/wp-content\/uploads\/sites\/2\/disc_types_cw-400x400.jpg 400w\" sizes=\"auto, (max-width: 80px) 100vw, 80px\" \/><\/td>\n                <td class=\"cell_performace\">\n                    Potenza: 8<br>\n                    Progressivit\u00e0: 9<br>\n                    Secco: 9<br>\n                    Umido: 9<br>\n                    Refrigerazione: 10<br>\n                    Peso: 10\n                <\/td>\n            <\/tr>\n            <tr>\n                <td class=\"cell_track\">Baffato<\/td>\n                <td class=\"cell_cod\">CRW<\/td>\n                <td class=\"cell_image\"><img alt=\"\" loading=\"lazy\" decoding=\"async\" width=\"80\" height=\"80\" class=\"wp-image-1949\" style=\"width: 80px;\" src=\"https:\/\/galfer.com\/moto\/wp-content\/uploads\/sites\/2\/disc_types_crw.jpg\" alt=\"\" srcset=\"https:\/\/galfer.com\/moto\/wp-content\/uploads\/sites\/2\/disc_types_crw.jpg 2996w, https:\/\/galfer.com\/moto\/wp-content\/uploads\/sites\/2\/disc_types_crw-300x300.jpg 300w, https:\/\/galfer.com\/moto\/wp-content\/uploads\/sites\/2\/disc_types_crw-1024x1024.jpg 1024w, https:\/\/galfer.com\/moto\/wp-content\/uploads\/sites\/2\/disc_types_crw-150x150.jpg 150w, https:\/\/galfer.com\/moto\/wp-content\/uploads\/sites\/2\/disc_types_crw-768x769.jpg 768w, https:\/\/galfer.com\/moto\/wp-content\/uploads\/sites\/2\/disc_types_crw-1534x1536.jpg 1534w, https:\/\/galfer.com\/moto\/wp-content\/uploads\/sites\/2\/disc_types_crw-2045x2048.jpg 2045w, https:\/\/galfer.com\/moto\/wp-content\/uploads\/sites\/2\/disc_types_crw-100x100.jpg 100w, https:\/\/galfer.com\/moto\/wp-content\/uploads\/sites\/2\/disc_types_crw-400x400.jpg 400w\" sizes=\"auto, (max-width: 80px) 100vw, 80px\" \/><\/td>\n                <td class=\"cell_performace\">\n                    Potenza: 10<br>\n                    Progressivit\u00e0: 9<br>\n                    Secco: 10<br>\n                    Umido: 10<br>\n                    Refrigerazione: 10<br>\n                    Peso: 10\n                <\/td>\n            <\/tr>\n            <tr>\n                <td class=\"cell_form\" rowspan=\"2\" colspan=\"1\">CUBIQ<\/td>\n                <td class=\"cell_type\">Fisso (Q)<\/td>\n                <td class=\"cell_size\" rowspan=\"2\" colspan=\"1\">Original<\/td>\n                <td class=\"cell_track\">N\/A<\/td>\n                <td class=\"cell_center\" rowspan=\"2\" colspan=\"1\">Fori<\/td>\n                <td class=\"cell_cod\"><span>Q<\/span><\/td>\n                <td class=\"cell_image\"><img alt=\"\" decoding=\"async\" class=\"wp-image-1954\" style=\"width: 80px;\" src=\"https:\/\/galfer.com\/moto\/wp-content\/uploads\/sites\/2\/disc_types_q.jpg\" alt=\"\"><\/td>\n                <td class=\"cell_performace\">\n                    Potenza: 8<br>\n                    Progressivit\u00e0: 10<br>\n                    Secco: 9<br>\n                    Umido: 8<br>\n                    Refrigerazione: 10<br>\n                    Peso: 10\n                <\/td>\n            <\/tr>\n            <tr>\n                <td class=\"cell_type\">Flotante (F)<\/td>\n                <td class=\"cell_track\">Accaio (FL)<\/td>\n                <td class=\"cell_cod\"><span>FLQ<\/span><\/td>\n                <td class=\"cell_image\"><img alt=\"\" decoding=\"async\" class=\"wp-image-1954\" style=\"width: 80px;\" src=\"https:\/\/galfer.com\/moto\/wp-content\/uploads\/sites\/2\/disc_types_flq.jpg\" alt=\"\"><\/td>\n                <td class=\"cell_performace\">\n                    Potenza: 10<br>\n                    Progressivit\u00e0: 10<br>\n                    Secco: 10<br>\n                    Umido: 10<br>\n                    Refrigerazione: 10<br>\n                    Peso: 10\n                <\/td>\n            <\/tr>\n        <\/tbody>\n    <\/table>\n<\/div>\n","protected":false},"excerpt":{"rendered":"<p>Forma Tipo Misura. ext Centro Pista Cod. Immagine Prestazione Disco tondo Fisso (V) Original NA Fori V Potenza: 5 Progressivit\u00e0: 5 Secco: 5 Umido: 5 Refrigerazione: 5 Peso: 5 Disc W Fisso (W) W Potenza: 7 Progressivit\u00e0: 10 Secco: 9 Umido: 8 Refrigerazione: 9 Peso: 9 Pieno WLL Potenza: 7 Progressivit\u00e0: 10 Secco: 9 Umido: [&hellip;]<\/p>\n","protected":false},"author":1,"featured_media":0,"parent":0,"menu_order":0,"comment_status":"closed","ping_status":"closed","template":"controllers\/custom-page-templates\/template-page-sidebar.php","meta":{"_seopress_robots_primary_cat":"0","_seopress_titles_title":"","_seopress_titles_desc":"","_seopress_robots_index":"","footnotes":""},"class_list":["post-1975","page","type-page","status-publish","hentry"],"lang":"it","translations":{"it":1975,"es":1967,"en":1941},"pll_sync_post":[],"_links":{"self":[{"href":"https:\/\/galfer.com\/moto\/wp-json\/wp\/v2\/pages\/1975","targetHints":{"allow":["GET"]}}],"collection":[{"href":"https:\/\/galfer.com\/moto\/wp-json\/wp\/v2\/pages"}],"about":[{"href":"https:\/\/galfer.com\/moto\/wp-json\/wp\/v2\/types\/page"}],"author":[{"embeddable":true,"href":"https:\/\/galfer.com\/moto\/wp-json\/wp\/v2\/users\/1"}],"replies":[{"embeddable":true,"href":"https:\/\/galfer.com\/moto\/wp-json\/wp\/v2\/comments?post=1975"}],"version-history":[{"count":3,"href":"https:\/\/galfer.com\/moto\/wp-json\/wp\/v2\/pages\/1975\/revisions"}],"predecessor-version":[{"id":10031,"href":"https:\/\/galfer.com\/moto\/wp-json\/wp\/v2\/pages\/1975\/revisions\/10031"}],"wp:attachment":[{"href":"https:\/\/galfer.com\/moto\/wp-json\/wp\/v2\/media?parent=1975"}],"curies":[{"name":"wp","href":"https:\/\/api.w.org\/{rel}","templated":true}]}}